{"id":9,"date":"2019-06-06T19:30:57","date_gmt":"2019-06-06T22:30:57","guid":{"rendered":"http:\/\/utfprbg.cp.utfpr.edu.br\/?page_id=9"},"modified":"2021-04-27T12:07:08","modified_gmt":"2021-04-27T15:07:08","slug":"sobre","status":"publish","type":"page","link":"http:\/\/utfprbg.cp.utfpr.edu.br\/index.php\/sobre\/","title":{"rendered":"Sobre"},"content":{"rendered":"\n<p>O LUDICO \u00e9 um programa de extens\u00e3o da Universidade Tecnol\u00f3gica Federal do Paran\u00e1 (UTFPR), e consiste em 3 projetos, que cobrem as seguintes atividades l\u00fadicas:<\/p>\n\n\n\n<ol class=\"wp-block-list\"><li>Board Games<\/li><li>RPG<\/li><li>Escape Room (<a rel=\"noreferrer noopener\" href=\"http:\/\/escaperoom.cp.utfpr.edu.br\/\" target=\"_blank\">LINK <\/a>para  a p\u00e1gina do projeto)<\/li><\/ol>\n\n\n\n<p>O programa tem como p\u00fablico alvo alunos da universidade e a comunidade externa \u00e0 UTFPR das cidades de Londrina, Corn\u00e9lio Proc\u00f3pio e regi\u00f5es metropolitanas, e tem como objetivo desenvolver capacidades de aprendizagem nos participantes, melhorando tamb\u00e9m sua aptid\u00e3o em racioc\u00ednio l\u00f3gico, an\u00e1lise cr\u00edtica de a\u00e7\u00f5es e de pontos de vista, organiza\u00e7\u00e3o e em rela\u00e7\u00f5es interpessoais. Al\u00e9m disso, o projeto visa atuar como ferramenta de inser\u00e7\u00e3o cultural.<\/p>\n\n\n\n<h1 class=\"wp-block-heading\"><span class=\"has-inline-color has-yellow-color\">Atividades<\/span><\/h1>\n\n\n\n<p>O programa tem car\u00e1ter cont\u00ednuo, em que os eventos v\u00eam ocorrendo mensalmente desde novembro de 2016. Para a sua realiza\u00e7\u00e3o foram escolhidos dois campus da UTFPR, Corn\u00e9lio Proc\u00f3pio e Londrina, localizados no norte Paran\u00e1 e que est\u00e3o separados por apenas 60 km de dist\u00e2ncia.<\/p>\n\n\n\n<p>Cada um desses eventos tem contado com a presen\u00e7a de aproximadamente 160 participantes. Os eventos t\u00eam sido e continuar\u00e3o sendo realizados em um s\u00e1bado por m\u00eas, alternando a sua sede (um m\u00eas em Londrina, o m\u00eas seguinte em Corn\u00e9lio Proc\u00f3pio, depois em Londrina, em seguida em Corn\u00e9lio Proc\u00f3pio novamente, e assim por diante) das 13:00 \u00e0s 18:00. Todos os eventos s\u00e3o gratuitos e abertos \u00e0 comunidade interna (alunos e servidores e dependentes) e externa \u00e0 UTFPR.<\/p>\n\n\n\n<p>A UTFPR, por meio dos dois campus, disponibiliza local fechado e coberto para realiza\u00e7\u00e3o dos eventos, mesas, cadeiras, seguran\u00e7a, local para as palestras e c\u00e2meras de seguran\u00e7a no local. Os jogos s\u00e3o todos levados aos eventos por volunt\u00e1rios, que al\u00e9m de disponibiliz\u00e1-los para os participantes, ainda auxiliam ensinando suas regras e acompanhando as partidas.<\/p>\n\n\n\n<p>Durante os eventos, al\u00e9m dos jogos de tabuleiro, s\u00e3o realizadas sess\u00f5es de Escape Room e mesas de RPG (Role Playing Game), com o intuito de auxiliar no desenvolvimento das m\u00faltiplas intelig\u00eancias. Tamb\u00e9m s\u00e3o realizadas sess\u00f5es de jogos em ingl\u00eas, onde os participantes podem praticar a conversa\u00e7\u00e3o.<\/p>\n\n\n\n<p>Durante a execu\u00e7\u00e3o do projeto s\u00e3o realizadas palestras com profissionais convidados que tratam de assuntos relacionados aos temas jogos, cultura e educa\u00e7\u00e3o. Os palestrantes s\u00e3o todos psic\u00f3logos, pedagogos e profissionais da \u00e1rea de jogos de tabuleiro. Ap\u00f3s as palestras s\u00e3o sempre realizados sorteios de brindes doados pelos colaboradores.<\/p>\n\n\n\n<p>O projeto ainda prev\u00ea a avalia\u00e7\u00e3o do desenvolvimento das intelig\u00eancias e das capacidades dos participantes, que ser\u00e1 realizada em conjunto com uma psic\u00f3loga do Instituto Federal do Paran\u00e1 c\u00e2mpus Londrina (IFPR-LD), a professora Doutora Ariela Oliveira Holanda.<\/p>\n\n\n\n<p><span class=\"has-inline-color has-bright-blue-color\">Durante a pandemia seguimos realizando eventos online com uma frequ\u00eancia um pouco menor. Nestes eventos realizamos palestras, workshops, mesas redondas, salas de escape room e mesas de jogos de tabuleiro e de RPG.<\/span><\/p>\n\n\n\n<h1 class=\"wp-block-heading\"><span class=\"has-inline-color has-yellow-color\">Reconhecimentos<\/span><\/h1>\n\n\n\n<p>Tamb\u00e9m \u00e9 importante ressaltar que o projeto cresce a cada m\u00eas e vem recebendo certa visibilidade na comunidade e tamb\u00e9m nos meios de comunica\u00e7\u00e3o das cidades e da regi\u00e3o em que est\u00e3o inseridos os campus.<\/p>\n\n\n\n<p>No come\u00e7o de 2020 enviamos um pedido de fomento escrito por pesquisadores de tr\u00eas institui\u00e7\u00f5es p\u00fablicas de ensino superior, o qual foi aprovado em edital internacional para a realiza\u00e7\u00e3o de pesquisa que investiga o uso de jogos de tabuleiro na aquisi\u00e7\u00e3o e na manuten\u00e7\u00e3o de habilidades sociais. O projeto se destaca por ser o \u00fanico da Am\u00e9rica Latina aprovado pelo edital. Os outros quatro pa\u00edses que tiveram projeto aprovado foram: Fran\u00e7a, Inglaterra, Estados Unidos e Espanha. \u00c9 a primeira vez que um projeto brasileiro \u00e9 aprovado em um edital do programa <strong><span class=\"has-inline-color has-bright-blue-color\">Game in Lab<\/span><\/strong>.<\/p>\n\n\n\n<p>Entrevistas e not\u00edcias em que o projeto j\u00e1 apareceu:<\/p>\n\n\n\n<ul class=\"wp-block-list\"><li>Jornal <strong><span class=\"has-inline-color has-bright-blue-color\">Folha de Londrina<\/span><\/strong>;<\/li><li>Canal do youtube <strong><span class=\"has-inline-color has-bright-blue-color\">Taberna Role Play<\/span><\/strong>;<\/li><li>Podcast <strong><span class=\"has-inline-color has-bright-blue-color\">A Taverna do Beholder Cego<\/span><\/strong>.<\/li><\/ul>\n\n\n\n<p>Participa\u00e7\u00e3o do projeto em outros eventos como convidados<\/p>\n\n\n\n<ul class=\"wp-block-list\"><li><strong><span class=\"has-inline-color has-bright-blue-color\">Semana do Orgulho Nerd<\/span><\/strong> (Livrarias Saraiva): Palestra e Realiza\u00e7\u00e3o de atividades;<\/li><li><strong><span class=\"has-inline-color has-bright-blue-color\">WRPG Fest<\/span><\/strong>: Mesa redonda sobre o uso de jogos na educa\u00e7\u00e3o;<\/li><li><strong><span class=\"has-inline-color has-bright-blue-color\">Unopar c\u00e2mpus Bandeirantes<\/span><\/strong>: Apresenta\u00e7\u00e3o do projeto;<\/li><li><strong><span class=\"has-inline-color has-bright-blue-color\">Semana da Integra\u00e7\u00e3o<\/span> <\/strong>(Instituo Federal do Paran\u00e1 c\u00e2mpus Londrina): Realiza\u00e7\u00e3o de atividades;<\/li><li><strong><span class=\"has-inline-color has-bright-blue-color\">VI Semana Interna de Preven\u00e7\u00e3o de Acidentes de Trabalho<\/span><\/strong> (VI Sipat &#8211; empresa \u00c1gili Software Brasil): Realiza\u00e7\u00e3o de atividades;<\/li><li><strong><span class=\"has-inline-color has-bright-blue-color\">Abrigo Bom Pastor<\/span><\/strong>: Realiza\u00e7\u00e3o de atividades e um lanche para todos;<\/li><li><strong><span class=\"has-inline-color has-bright-blue-color\">Expo Jap\u00e3o 2018<\/span><\/strong>: Realiza\u00e7\u00e3o de atividades;<\/li><li><strong><span class=\"has-inline-color has-bright-blue-color\">Dreams World<\/span><\/strong>: Realiza\u00e7\u00e3o de atividades;<\/li><li><strong><span class=\"has-inline-color has-bright-blue-color\">Cosplay Realm<\/span><\/strong>: Realiza\u00e7\u00e3o de atividades;<\/li><li><strong><span class=\"has-inline-color has-bright-blue-color\">Games e Geeks<\/span><\/strong>: Realiza\u00e7\u00e3o de atividades;<\/li><li><strong><span class=\"has-inline-color has-bright-blue-color\">Faculdade Positivo Londrina<\/span><\/strong>: Realiza\u00e7\u00e3o de atividades;<\/li><li><strong><span class=\"has-inline-color has-bright-blue-color\">Geek up 3.0<\/span>:<\/strong> Realiza\u00e7\u00e3o de atividades;<\/li><li><strong><span class=\"has-inline-color has-bright-blue-color\">SPIEL Digital 2020<\/span>:<\/strong> Apresenta\u00e7\u00e3o de palestra;<\/li><li><strong><span class=\"has-inline-color has-bright-blue-color\">A Extens\u00e3o T\u00e1 On<\/span>: <\/strong>Apresenta\u00e7\u00e3o de palestra.<\/li><\/ul>\n\n\n\n<p>Por fim, o projeto conta com uma p\u00e1gina no <a href=\"https:\/\/www.facebook.com\/UTFPR.BG\/\">FACEBOOK<\/a>, utilizada como principal meio de divulga\u00e7\u00e3o e contato com participantes e comunidade; e tamb\u00e9m uma p\u00e1gina no <a href=\"https:\/\/www.instagram.com\/utfprbg\/\">INSTAGRAM<\/a>. L\u00e1 \u00e9 poss\u00edvel ver as fotos dos eventos que j\u00e1 foram realizados e tamb\u00e9m ver a programa\u00e7\u00e3o dos pr\u00f3ximos eventos que ocorrer\u00e3o.<\/p>\n","protected":false},"excerpt":{"rendered":"<p>O LUDICO \u00e9 um programa de extens\u00e3o da Universidade Tecnol\u00f3gica Federal do Paran\u00e1 (UTFPR), e consiste em 3 projetos, que cobrem as seguintes atividades l\u00fadicas: Board Games RPG Escape Room (LINK para a p\u00e1gina do projeto) O programa tem como p\u00fablico alvo alunos da universidade e a comunidade externa \u00e0 UTFPR das cidades de Londrina, &hellip; <a href=\"http:\/\/utfprbg.cp.utfpr.edu.br\/index.php\/sobre\/\" class=\"more-link\">Continue lendo<span class=\"screen-reader-text\"> &#8220;Sobre&#8221;<\/span><\/a><\/p>\n","protected":false},"author":6,"featured_media":0,"parent":0,"menu_order":0,"comment_status":"closed","ping_status":"closed","template":"","meta":{"om_disable_all_campaigns":false,"_monsterinsights_skip_tracking":false,"_monsterinsights_sitenote_active":false,"_monsterinsights_sitenote_note":"","_monsterinsights_sitenote_category":0,"footnotes":""},"class_list":["post-9","page","type-page","status-publish","hentry"],"aioseo_notices":[],"jetpack_sharing_enabled":true,"_links":{"self":[{"href":"http:\/\/utfprbg.cp.utfpr.edu.br\/index.php\/wp-json\/wp\/v2\/pages\/9","targetHints":{"allow":["GET"]}}],"collection":[{"href":"http:\/\/utfprbg.cp.utfpr.edu.br\/index.php\/wp-json\/wp\/v2\/pages"}],"about":[{"href":"http:\/\/utfprbg.cp.utfpr.edu.br\/index.php\/wp-json\/wp\/v2\/types\/page"}],"author":[{"embeddable":true,"href":"http:\/\/utfprbg.cp.utfpr.edu.br\/index.php\/wp-json\/wp\/v2\/users\/6"}],"replies":[{"embeddable":true,"href":"http:\/\/utfprbg.cp.utfpr.edu.br\/index.php\/wp-json\/wp\/v2\/comments?post=9"}],"version-history":[{"count":5,"href":"http:\/\/utfprbg.cp.utfpr.edu.br\/index.php\/wp-json\/wp\/v2\/pages\/9\/revisions"}],"predecessor-version":[{"id":7382,"href":"http:\/\/utfprbg.cp.utfpr.edu.br\/index.php\/wp-json\/wp\/v2\/pages\/9\/revisions\/7382"}],"wp:attachment":[{"href":"http:\/\/utfprbg.cp.utfpr.edu.br\/index.php\/wp-json\/wp\/v2\/media?parent=9"}],"curies":[{"name":"wp","href":"https:\/\/api.w.org\/{rel}","templated":true}]}}