{"id":526,"date":"2017-10-22T17:43:27","date_gmt":"2017-10-22T19:43:27","guid":{"rendered":"https:\/\/utfprbg.wordpress.com\/?page_id=526"},"modified":"2019-06-26T09:23:22","modified_gmt":"2019-06-26T12:23:22","slug":"contribua-2","status":"publish","type":"page","link":"http:\/\/utfprbg.cp.utfpr.edu.br\/index.php\/contribua-2\/","title":{"rendered":"Contribua"},"content":{"rendered":"<p style=\"text-align: justify;\">Voc\u00ea curtiu nosso projeto e gostaria de ajud\u00e1-lo? Veja algumas formas de contribuir para que o projeto cres\u00e7a ainda mais:<\/p>\n<ul>\n<li>Torne-se patrocinador oficial do projeto de extens\u00e3o &#8220;O uso de jogos de tabuleiro como ferramenta de ensino&#8221; da UTFPR;<\/li>\n<li>Ministre palestras com temas relacionados com o projeto, por exemplo: Jogos na educa\u00e7\u00e3o; Desenvolvimento de jogos; M\u00faltiplas Intelig\u00eancias; entre outros.<\/li>\n<\/ul>\n<p>Para ajudar o projeto de alguma dessas formas, entre em contato por este <a href=\"http:\/\/utfprbg.cp.utfpr.edu.br\/index.php\/contato\/\">link<\/a>.<\/p>\n","protected":false},"excerpt":{"rendered":"<p>Voc\u00ea curtiu nosso projeto e gostaria de ajud\u00e1-lo? Veja algumas formas de contribuir para que o projeto cres\u00e7a ainda mais: Torne-se patrocinador oficial do projeto de extens\u00e3o &#8220;O uso de jogos de tabuleiro como ferramenta de ensino&#8221; da UTFPR; Ministre palestras com temas relacionados com o projeto, por exemplo: Jogos na educa\u00e7\u00e3o; Desenvolvimento de jogos; &hellip; <a href=\"http:\/\/utfprbg.cp.utfpr.edu.br\/index.php\/contribua-2\/\" class=\"more-link\">Continue lendo<span class=\"screen-reader-text\"> &#8220;Contribua&#8221;<\/span><\/a><\/p>\n","protected":false},"author":6,"featured_media":0,"parent":0,"menu_order":0,"comment_status":"closed","ping_status":"closed","template":"","meta":{"om_disable_all_campaigns":false,"_monsterinsights_skip_tracking":false,"_monsterinsights_sitenote_active":false,"_monsterinsights_sitenote_note":"","_monsterinsights_sitenote_category":0,"footnotes":""},"class_list":["post-526","page","type-page","status-publish","hentry"],"aioseo_notices":[],"jetpack_sharing_enabled":true,"_links":{"self":[{"href":"http:\/\/utfprbg.cp.utfpr.edu.br\/index.php\/wp-json\/wp\/v2\/pages\/526","targetHints":{"allow":["GET"]}}],"collection":[{"href":"http:\/\/utfprbg.cp.utfpr.edu.br\/index.php\/wp-json\/wp\/v2\/pages"}],"about":[{"href":"http:\/\/utfprbg.cp.utfpr.edu.br\/index.php\/wp-json\/wp\/v2\/types\/page"}],"author":[{"embeddable":true,"href":"http:\/\/utfprbg.cp.utfpr.edu.br\/index.php\/wp-json\/wp\/v2\/users\/6"}],"replies":[{"embeddable":true,"href":"http:\/\/utfprbg.cp.utfpr.edu.br\/index.php\/wp-json\/wp\/v2\/comments?post=526"}],"version-history":[{"count":2,"href":"http:\/\/utfprbg.cp.utfpr.edu.br\/index.php\/wp-json\/wp\/v2\/pages\/526\/revisions"}],"predecessor-version":[{"id":5809,"href":"http:\/\/utfprbg.cp.utfpr.edu.br\/index.php\/wp-json\/wp\/v2\/pages\/526\/revisions\/5809"}],"wp:attachment":[{"href":"http:\/\/utfprbg.cp.utfpr.edu.br\/index.php\/wp-json\/wp\/v2\/media?parent=526"}],"curies":[{"name":"wp","href":"https:\/\/api.w.org\/{rel}","templated":true}]}}